{"id":437,"date":"2016-09-27T14:58:50","date_gmt":"2016-09-27T14:58:50","guid":{"rendered":"https:\/\/wasted-designs.com\/crmblg\/?page_id=437"},"modified":"2025-05-16T13:36:55","modified_gmt":"2025-05-16T13:36:55","slug":"kontakt","status":"publish","type":"page","link":"https:\/\/wasted-designs.com\/crmblg\/kontakt\/","title":{"rendered":"Kontakt"},"content":{"rendered":"<p>Verein Carambolage<br \/>\nErlenstrasse 34<br \/>\n4058 Basel<br \/>\ninfo@wasted-designs.com<\/p>\n<p>Die Carambolage Bar ist rollstuhlg\u00e4ngig (T\u00fcrbreite 74cm).<br \/>\nDas WC ist genderneutral jedoch nicht zug\u00e4nglich mit Rollstuhl (T\u00fcrbreite 60cm).<br \/>\nMenschen im Rollstuhl k\u00f6nnen das WC vom Hotel Dorint ca. 150m Entfernung benutzen.<\/p>\n<p><a href=\"https:\/\/wasted-designs.com\/crmblg\/wp-admin\">login<\/a><\/p>\n","protected":false},"excerpt":{"rendered":"<p>Verein Carambolage Erlenstrasse 34 4058 Basel info@wasted-designs.com Die Carambolage Bar ist rollstuhlg\u00e4ngig (T\u00fcrbreite 74cm). Das WC ist genderneutral jedoch nicht zug\u00e4nglich mit Rollstuhl (T\u00fcrbreite 60cm). Menschen im Rollstuhl k\u00f6nnen das WC vom Hotel Dorint ca. 150m Entfernung benutzen. login<\/p>\n","protected":false},"author":1,"featured_media":0,"parent":0,"menu_order":0,"comment_status":"closed","ping_status":"closed","template":"","meta":{"_acf_changed":false,"footnotes":""},"class_list":["post-437","page","type-page","status-publish","hentry"],"acf":[],"_links":{"self":[{"href":"https:\/\/wasted-designs.com\/crmblg\/wp-json\/wp\/v2\/pages\/437","targetHints":{"allow":["GET"]}}],"collection":[{"href":"https:\/\/wasted-designs.com\/crmblg\/wp-json\/wp\/v2\/pages"}],"about":[{"href":"https:\/\/wasted-designs.com\/crmblg\/wp-json\/wp\/v2\/types\/page"}],"author":[{"embeddable":true,"href":"https:\/\/wasted-designs.com\/crmblg\/wp-json\/wp\/v2\/users\/1"}],"replies":[{"embeddable":true,"href":"https:\/\/wasted-designs.com\/crmblg\/wp-json\/wp\/v2\/comments?post=437"}],"version-history":[{"count":8,"href":"https:\/\/wasted-designs.com\/crmblg\/wp-json\/wp\/v2\/pages\/437\/revisions"}],"predecessor-version":[{"id":1533,"href":"https:\/\/wasted-designs.com\/crmblg\/wp-json\/wp\/v2\/pages\/437\/revisions\/1533"}],"wp:attachment":[{"href":"https:\/\/wasted-designs.com\/crmblg\/wp-json\/wp\/v2\/media?parent=437"}],"curies":[{"name":"wp","href":"https:\/\/api.w.org\/{rel}","templated":true}]}}